{"id":1319,"date":"2024-04-10T10:33:49","date_gmt":"2024-04-10T10:33:49","guid":{"rendered":"https:\/\/apnexus.es\/avis-legal\/"},"modified":"2024-04-10T10:33:49","modified_gmt":"2024-04-10T10:33:49","slug":"avis-legal","status":"publish","type":"page","link":"https:\/\/apnexus.es\/ca\/avis-legal\/","title":{"rendered":"Av\u00eds Legal"},"content":{"rendered":"<p>En compliment amb el deure informaci\u00f3 estipulat a la Llei 34\/2002 de Serveis de la Societat de la Informaci\u00f3 i del Comer\u00e7 Electr\u00f2nic (LSSI-CE), s&#8217;informa que el present lloc web <a href=\"http:\/\/www.apnexus.es\/\">www.apnexus.es<\/a> \u00e9s titularitat de:<\/p>\n<ul>\n<li><strong>Titular:<\/strong> Aplicacions i Procediments SL<\/li>\n<li><strong>NIF\/CIF:<\/strong> B60647500<\/li>\n<li><strong>Domicili social:<\/strong> Diagonal, 379, 3r 1a 08008 Barcelona<\/li>\n<li><strong>Email de contacte:<\/strong> <a href=\"mailto:info@apnexus.es\">info@apnexus.es<\/a><\/li>\n<li><strong>Tel\u00e8fon:<\/strong> 93 301 29 91<\/li>\n<\/ul>\n<h3>Objecte del lloc web<\/h3>\n<p>Aquest lloc web t\u00e9 com a finalitat proporcionar informaci\u00f3 sobre els productes i\/o serveis oferts pel titular, aix\u00ed com oferir acc\u00e9s a continguts, recursos i formularis de contacte o altres funcionalitats en l\u00ednia.<\/p>\n<h3>Condicions d&#8217;\u00fas<\/h3>\n<p>L&#8217;acc\u00e9s i \u00fas del lloc web atribueix la condici\u00f3 d&#8217;usuari, implicant l&#8217;acceptaci\u00f3 plena i sense reserves de les condicions aqu\u00ed recollides, aix\u00ed com de qualsevol altra disposici\u00f3 legal aplicable.<\/p>\n<p>L&#8217;usuari es compromet a fer un \u00fas adequat del lloc web ia no fer-lo servir per a activitats il\u00b7l\u00edcites, contr\u00e0ries a la bona fe, la moral, l&#8217;ordre p\u00fablic o que infringeixin drets de tercers.<\/p>\n<h3>Propietat intel\u00b7lectual i industrial<\/h3>\n<p>Tots els continguts del lloc web (textos, imatges, disseny, logotips, arxius, codi font, etc.) estan protegits per drets de propietat intel\u00b7lectual i industrial, la titularitat dels quals correspon al titular del lloc oa tercers autoritzats. Est\u00e0 prohibida la reproducci\u00f3 total o parcial sense autoritzaci\u00f3 expressa.<\/p>\n<h3>Responsabilitat<\/h3>\n<p>El titular no es responsabilitza dels danys derivats de l\u00fas del lloc web ni de la informaci\u00f3 continguda en enlla\u00e7os de tercers. Aix\u00ed mateix, no garanteix l&#8217;abs\u00e8ncia de virus o altres elements que puguin produir alteracions als sistemes de l&#8217;usuari.<\/p>\n<h3>Modificacions<\/h3>\n<p>El titular es reserva el dret de modificar en qualsevol moment i sense av\u00eds previ la presentaci\u00f3, configuraci\u00f3, continguts i serveis del lloc web, aix\u00ed com les condicions legals aqu\u00ed publicades.<\/p>\n","protected":false},"excerpt":{"rendered":"<p>En compliment amb el deure informaci\u00f3 estipulat a la Llei 34\/2002 de Serveis de la Societat de la Informaci\u00f3 i del Comer\u00e7 Electr\u00f2nic (LSSI-CE), s&#8217;informa que el present lloc web www.apnexus.es \u00e9s titularitat de: Titular: Aplicacions i Procediments SL NIF\/CIF: B60647500 Domicili social: Diagonal, 379, 3r 1a 08008 Barcelona Email de contacte: info@apnexus.es Tel\u00e8fon: 93 [&hellip;]<\/p>\n","protected":false},"author":2,"featured_media":0,"parent":0,"menu_order":0,"comment_status":"closed","ping_status":"closed","template":"","meta":{"site-sidebar-layout":"default","site-content-layout":"","ast-site-content-layout":"default","site-content-style":"default","site-sidebar-style":"default","ast-global-header-display":"","ast-banner-title-visibility":"","ast-main-header-display":"","ast-hfb-above-header-display":"","ast-hfb-below-header-display":"","ast-hfb-mobile-header-display":"","site-post-title":"","ast-breadcrumbs-content":"","ast-featured-img":"","footer-sml-layout":"","theme-transparent-header-meta":"default","adv-header-id-meta":"","stick-header-meta":"","header-above-stick-meta":"","header-main-stick-meta":"","header-below-stick-meta":"","astra-migrate-meta-layouts":"default","ast-page-background-enabled":"default","ast-page-background-meta":{"desktop":{"background-color":"var(--ast-global-color-4)","background-image":"","background-repeat":"repeat","background-position":"center center","background-size":"auto","background-attachment":"scroll","background-type":"","background-media":"","overlay-type":"","overlay-color":"","overlay-opacity":"","overlay-gradient":""},"tablet":{"background-color":"","background-image":"","background-repeat":"repeat","background-position":"center center","background-size":"auto","background-attachment":"scroll","background-type":"","background-media":"","overlay-type":"","overlay-color":"","overlay-opacity":"","overlay-gradient":""},"mobile":{"background-color":"","background-image":"","background-repeat":"repeat","background-position":"center center","background-size":"auto","background-attachment":"scroll","background-type":"","background-media":"","overlay-type":"","overlay-color":"","overlay-opacity":"","overlay-gradient":""}},"ast-content-background-meta":{"desktop":{"background-color":"var(--ast-global-color-5)","background-image":"","background-repeat":"repeat","background-position":"center center","background-size":"auto","background-attachment":"scroll","background-type":"","background-media":"","overlay-type":"","overlay-color":"","overlay-opacity":"","overlay-gradient":""},"tablet":{"background-color":"var(--ast-global-color-5)","background-image":"","background-repeat":"repeat","background-position":"center center","background-size":"auto","background-attachment":"scroll","background-type":"","background-media":"","overlay-type":"","overlay-color":"","overlay-opacity":"","overlay-gradient":""},"mobile":{"background-color":"var(--ast-global-color-5)","background-image":"","background-repeat":"repeat","background-position":"center center","background-size":"auto","background-attachment":"scroll","background-type":"","background-media":"","overlay-type":"","overlay-color":"","overlay-opacity":"","overlay-gradient":""}},"footnotes":""},"class_list":["post-1319","page","type-page","status-publish","hentry"],"_links":{"self":[{"href":"https:\/\/apnexus.es\/ca\/wp-json\/wp\/v2\/pages\/1319","targetHints":{"allow":["GET"]}}],"collection":[{"href":"https:\/\/apnexus.es\/ca\/wp-json\/wp\/v2\/pages"}],"about":[{"href":"https:\/\/apnexus.es\/ca\/wp-json\/wp\/v2\/types\/page"}],"author":[{"embeddable":true,"href":"https:\/\/apnexus.es\/ca\/wp-json\/wp\/v2\/users\/2"}],"replies":[{"embeddable":true,"href":"https:\/\/apnexus.es\/ca\/wp-json\/wp\/v2\/comments?post=1319"}],"version-history":[{"count":0,"href":"https:\/\/apnexus.es\/ca\/wp-json\/wp\/v2\/pages\/1319\/revisions"}],"wp:attachment":[{"href":"https:\/\/apnexus.es\/ca\/wp-json\/wp\/v2\/media?parent=1319"}],"curies":[{"name":"wp","href":"https:\/\/api.w.org\/{rel}","templated":true}]}}